{"id":319,"date":"2019-05-12T23:24:36","date_gmt":"2019-05-12T20:24:36","guid":{"rendered":"http:\/\/www.avedo.fi\/?page_id=319"},"modified":"2023-12-04T22:50:11","modified_gmt":"2023-12-04T20:50:11","slug":"etusivu","status":"publish","type":"page","link":"https:\/\/www.avedo.fi\/","title":{"rendered":"Etusivu"},"content":{"rendered":"\t\t<div data-elementor-type=\"wp-post\" data-elementor-id=\"319\" class=\"elementor elementor-319\">\n\t\t\t\t\t\t\t\t\t<section class=\"elementor-section elementor-top-section elementor-element elementor-element-66b9bae elementor-section-boxed elementor-section-height-default elementor-section-height-default\" data-id=\"66b9bae\" data-element_type=\"section\" data-settings=\"{&quot;background_background&quot;:&quot;gradient&quot;,&quot;shape_divider_bottom&quot;:&quot;pyramids&quot;}\">\n\t\t\t\t\t<div class=\"elementor-shape elementor-shape-bottom\" data-negative=\"false\">\n\t\t\t<svg xmlns=\"http:\/\/www.w3.org\/2000\/svg\" viewBox=\"0 0 1000 100\" preserveAspectRatio=\"none\">\n\t<path class=\"elementor-shape-fill\" d=\"M761.9,44.1L643.1,27.2L333.8,98L0,3.8V0l1000,0v3.9\"\/>\n<\/svg>\t\t<\/div>\n\t\t\t\t\t<div class=\"elementor-container elementor-column-gap-default\">\n\t\t\t\t\t<div class=\"elementor-column elementor-col-100 elementor-top-column elementor-element elementor-element-5b1436e3\" data-id=\"5b1436e3\" data-element_type=\"column\">\n\t\t\t<div class=\"elementor-widget-wrap elementor-element-populated\">\n\t\t\t\t\t\t\t\t<div class=\"elementor-element elementor-element-692417a elementor-widget elementor-widget-heading\" data-id=\"692417a\" data-element_type=\"widget\" data-widget_type=\"heading.default\">\n\t\t\t\t<div class=\"elementor-widget-container\">\n\t\t\t<h2 class=\"elementor-heading-title elementor-size-default\">Unohtuvatko asiat?<\/h2>\t\t<\/div>\n\t\t\t\t<\/div>\n\t\t\t\t<section class=\"elementor-section elementor-inner-section elementor-element elementor-element-228afb3 elementor-section-boxed elementor-section-height-default elementor-section-height-default\" data-id=\"228afb3\" data-element_type=\"section\">\n\t\t\t\t\t\t<div class=\"elementor-container elementor-column-gap-default\">\n\t\t\t\t\t<div class=\"elementor-column elementor-col-50 elementor-inner-column elementor-element elementor-element-a38101e\" data-id=\"a38101e\" data-element_type=\"column\">\n\t\t\t<div class=\"elementor-widget-wrap elementor-element-populated\">\n\t\t\t\t\t\t\t\t<div class=\"elementor-element elementor-element-558b7691 elementor-widget elementor-widget-text-editor\" data-id=\"558b7691\" data-element_type=\"widget\" data-widget_type=\"text-editor.default\">\n\t\t\t\t<div class=\"elementor-widget-container\">\n\t\t\t\t\t\t\t<p><\/p>\n<p>Meneek\u00f6 vuorokaudenajat ja p\u00e4iv\u00e4t sekaisin?<\/p>\n<p>Her\u00e4tt\u00e4\u00e4k\u00f6 mummo puhelullaan keskell\u00e4 y\u00f6t\u00e4 kysy\u00e4kseen kyyti\u00e4 lauantain bingo-iltaan?<\/p>\n<p>Ei h\u00e4t\u00e4\u00e4! Meill\u00e4 on ratkaisu.<\/p>\n<p><b>Uusi Vuorokausikalenteri 2.0<\/b><\/p>\n<p><span style=\"font-family: Roboto, sans-serif; font-size: 19px; font-style: normal;\">Ei en\u00e4\u00e4 y\u00f6llisi\u00e4 puhelinsoittoja mummolta, joka on l\u00e4hd\u00f6ss\u00e4 keskell\u00e4 y\u00f6t\u00e4 kauppaan tai kyselee mik\u00e4 p\u00e4iv\u00e4 on. Vuorokausikalenteri n\u00e4ytt\u00e4\u00e4 selke\u00e4sti vuorokauden ajan, muistuttaa tapahtumista ja aikatauluttaa p\u00e4iv\u00e4n toimia. T\u00e4m\u00e4 luo turvaa muistisairaalle, rauhoittaa omaisten mielt\u00e4 ja antaa my\u00f6s sinulle mahdollisuuden nukkua y\u00f6n keskeytyksett\u00e4 ja mahdollisuuden her\u00e4t\u00e4 virke\u00e4n\u00e4 uuteen p\u00e4iv\u00e4\u00e4n.<\/span><\/p>\t\t\t\t\t\t<\/div>\n\t\t\t\t<\/div>\n\t\t\t\t\t<\/div>\n\t\t<\/div>\n\t\t\t\t<div class=\"elementor-column elementor-col-50 elementor-inner-column elementor-element elementor-element-4cde759\" data-id=\"4cde759\" data-element_type=\"column\">\n\t\t\t<div class=\"elementor-widget-wrap elementor-element-populated\">\n\t\t\t\t\t\t\t\t<div class=\"elementor-element elementor-element-858bddb elementor-widget elementor-widget-image\" data-id=\"858bddb\" data-element_type=\"widget\" data-widget_type=\"image.default\">\n\t\t\t\t<div class=\"elementor-widget-container\">\n\t\t\t\t\t\t\t\t\t\t\t\t\t\t\t<img decoding=\"async\" src=\"https:\/\/www.avedo.fi\/wp-content\/uploads\/elementor\/thumbs\/Analog_Vertical_Lower_Day2-q62cvlb4vqk3uszwm3he4d2mu87qt2zsm5dhpniixg.png\" title=\"Analog_Vertical_Lower_Day2\" alt=\"Analog_Vertical_Lower_Day2\" loading=\"lazy\" \/>\t\t\t\t\t\t\t\t\t\t\t\t\t\t\t<\/div>\n\t\t\t\t<\/div>\n\t\t\t\t\t<\/div>\n\t\t<\/div>\n\t\t\t\t\t\t\t<\/div>\n\t\t<\/section>\n\t\t\t\t<div class=\"elementor-element elementor-element-10a82da elementor-widget elementor-widget-text-editor\" data-id=\"10a82da\" data-element_type=\"widget\" data-widget_type=\"text-editor.default\">\n\t\t\t\t<div class=\"elementor-widget-container\">\n\t\t\t\t\t\t\t<p><span style=\"background-color: transparent; font-size: 19px;\">Avedo Solutions on erikoistunut muistisairaiden apuv\u00e4lineisiin ja tuotteemme ovat l\u00f6yt\u00e4neet tiens\u00e4 lukuisiin suomalaisiin koteihin tukemaan muistisairaan arkea.<\/span><\/p><p style=\"margin: 0cm; margin-bottom: .0001pt;\">Vuorokausikalenterimme on kehitetty yhteisty\u00f6ss\u00e4 alan ammattilaisten kanssa. Tuotetta on toimitettu ja kehitetty vuodesta 2014 asiakkaidemme palautteita ja toiveita kuunnellen.<\/p><p style=\"margin: 0cm; margin-bottom: .0001pt;\">\u00a0<\/p><p style=\"margin: 0cm; margin-bottom: .0001pt;\">Asiakkaiden kokemuksia tuotteistamme voit lukea\u00a0<a href=\"https:\/\/www.dementiaonlineshop.com\/epages\/dementia.sf\/fi_FI\/?ObjectPath=\/Shops\/20111021-11092-64659-1\/Products\/KEL-0004&amp;ViewAction=ViewProductRating\" target=\"_blank\" rel=\"noopener\"><strong><span style=\"color: red;\"><u>j\u00e4lleenmyyjiemme<\/u><\/span><\/strong>\u00a0<\/a>sivuilta.<\/p>\t\t\t\t\t\t<\/div>\n\t\t\t\t<\/div>\n\t\t\t\t\t<\/div>\n\t\t<\/div>\n\t\t\t\t\t\t\t<\/div>\n\t\t<\/section>\n\t\t\t\t<section class=\"elementor-section elementor-top-section elementor-element elementor-element-567f4830 elementor-section-full_width elementor-section-content-middle elementor-section-height-default elementor-section-height-default\" data-id=\"567f4830\" data-element_type=\"section\" data-settings=\"{&quot;background_background&quot;:&quot;gradient&quot;,&quot;shape_divider_bottom&quot;:&quot;pyramids&quot;,&quot;shape_divider_top&quot;:&quot;pyramids&quot;,&quot;shape_divider_bottom_negative&quot;:&quot;yes&quot;}\">\n\t\t\t\t\t<div class=\"elementor-shape elementor-shape-top\" data-negative=\"false\">\n\t\t\t<svg xmlns=\"http:\/\/www.w3.org\/2000\/svg\" viewBox=\"0 0 1000 100\" preserveAspectRatio=\"none\">\n\t<path class=\"elementor-shape-fill\" d=\"M761.9,44.1L643.1,27.2L333.8,98L0,3.8V0l1000,0v3.9\"\/>\n<\/svg>\t\t<\/div>\n\t\t\t\t<div class=\"elementor-shape elementor-shape-bottom\" data-negative=\"true\">\n\t\t\t<svg xmlns=\"http:\/\/www.w3.org\/2000\/svg\" viewBox=\"0 0 1000 100\" preserveAspectRatio=\"none\">\n\t<path class=\"elementor-shape-fill\" d=\"M761.9,40.6L643.1,24L333.9,93.8L0.1,1H0v99h1000V1\"\/>\n<\/svg>\t\t<\/div>\n\t\t\t\t\t<div class=\"elementor-container elementor-column-gap-default\">\n\t\t\t\t\t<div class=\"elementor-column elementor-col-100 elementor-top-column elementor-element elementor-element-f3d19f\" data-id=\"f3d19f\" data-element_type=\"column\">\n\t\t\t<div class=\"elementor-widget-wrap elementor-element-populated\">\n\t\t\t\t\t\t\t\t<div class=\"elementor-element elementor-element-bfd0071 elementor-widget elementor-widget-heading\" data-id=\"bfd0071\" data-element_type=\"widget\" data-widget_type=\"heading.default\">\n\t\t\t\t<div class=\"elementor-widget-container\">\n\t\t\t<h2 class=\"elementor-heading-title elementor-size-default\">Tuotteemme<\/h2>\t\t<\/div>\n\t\t\t\t<\/div>\n\t\t\t\t<section class=\"elementor-section elementor-inner-section elementor-element elementor-element-c0cd609 elementor-section-boxed elementor-section-height-default elementor-section-height-default\" data-id=\"c0cd609\" data-element_type=\"section\">\n\t\t\t\t\t\t<div class=\"elementor-container elementor-column-gap-wider\">\n\t\t\t\t\t<div class=\"elementor-column elementor-col-100 elementor-inner-column elementor-element elementor-element-30e99c8\" data-id=\"30e99c8\" data-element_type=\"column\">\n\t\t\t<div class=\"elementor-widget-wrap elementor-element-populated\">\n\t\t\t\t\t\t\t\t<div class=\"elementor-element elementor-element-8d7497e elementor-widget elementor-widget-text-editor\" data-id=\"8d7497e\" data-element_type=\"widget\" data-widget_type=\"text-editor.default\">\n\t\t\t\t<div class=\"elementor-widget-container\">\n\t\t\t\t\t\t\t<p>Vuorokausikalenteri 2.0<\/p>\t\t\t\t\t\t<\/div>\n\t\t\t\t<\/div>\n\t\t\t\t<div class=\"elementor-element elementor-element-4696f3a elementor-widget__width-initial elementor-widget elementor-widget-image\" data-id=\"4696f3a\" data-element_type=\"widget\" data-widget_type=\"image.default\">\n\t\t\t\t<div class=\"elementor-widget-container\">\n\t\t\t\t\t\t\t\t\t\t\t\t\t\t\t\t<a href=\"https:\/\/www.avedo.fi\/?page_id=451\">\n\t\t\t\t\t\t\t<img decoding=\"async\" width=\"800\" height=\"546\" src=\"https:\/\/www.avedo.fi\/wp-content\/uploads\/2023\/05\/Analog_Lower_Morning-1-1024x699.png\" class=\"attachment-large size-large wp-image-1106\" alt=\"\" loading=\"lazy\" srcset=\"https:\/\/www.avedo.fi\/wp-content\/uploads\/2023\/05\/Analog_Lower_Morning-1-1024x699.png 1024w, https:\/\/www.avedo.fi\/wp-content\/uploads\/2023\/05\/Analog_Lower_Morning-1-300x205.png 300w, https:\/\/www.avedo.fi\/wp-content\/uploads\/2023\/05\/Analog_Lower_Morning-1-768x524.png 768w, https:\/\/www.avedo.fi\/wp-content\/uploads\/2023\/05\/elementor\/thumbs\/Analog_Lower_Morning-1-q6liazdnyhl0ile2wx3buoxp0w9vsaizjor6wq9wno.png 425w, https:\/\/www.avedo.fi\/wp-content\/uploads\/2023\/05\/Analog_Lower_Morning-1.png 1322w\" sizes=\"(max-width: 800px) 100vw, 800px\" \/>\t\t\t\t\t\t\t\t<\/a>\n\t\t\t\t\t\t\t\t\t\t\t\t\t\t\t<\/div>\n\t\t\t\t<\/div>\n\t\t\t\t\t<\/div>\n\t\t<\/div>\n\t\t\t\t\t\t\t<\/div>\n\t\t<\/section>\n\t\t\t\t\t<\/div>\n\t\t<\/div>\n\t\t\t\t\t\t\t<\/div>\n\t\t<\/section>\n\t\t\t\t<section class=\"elementor-section elementor-top-section elementor-element elementor-element-ed3ca66 elementor-section-boxed elementor-section-height-default elementor-section-height-default\" data-id=\"ed3ca66\" data-element_type=\"section\" data-settings=\"{&quot;background_background&quot;:&quot;gradient&quot;,&quot;shape_divider_bottom&quot;:&quot;pyramids&quot;,&quot;shape_divider_top&quot;:&quot;pyramids&quot;}\">\n\t\t\t\t\t<div class=\"elementor-shape elementor-shape-top\" data-negative=\"false\">\n\t\t\t<svg xmlns=\"http:\/\/www.w3.org\/2000\/svg\" viewBox=\"0 0 1000 100\" preserveAspectRatio=\"none\">\n\t<path class=\"elementor-shape-fill\" d=\"M761.9,44.1L643.1,27.2L333.8,98L0,3.8V0l1000,0v3.9\"\/>\n<\/svg>\t\t<\/div>\n\t\t\t\t<div class=\"elementor-shape elementor-shape-bottom\" data-negative=\"false\">\n\t\t\t<svg xmlns=\"http:\/\/www.w3.org\/2000\/svg\" viewBox=\"0 0 1000 100\" preserveAspectRatio=\"none\">\n\t<path class=\"elementor-shape-fill\" d=\"M761.9,44.1L643.1,27.2L333.8,98L0,3.8V0l1000,0v3.9\"\/>\n<\/svg>\t\t<\/div>\n\t\t\t\t\t<div class=\"elementor-container elementor-column-gap-default\">\n\t\t\t\t\t<div class=\"elementor-column elementor-col-100 elementor-top-column elementor-element elementor-element-fc7d82a\" data-id=\"fc7d82a\" data-element_type=\"column\">\n\t\t\t<div class=\"elementor-widget-wrap elementor-element-populated\">\n\t\t\t\t\t\t\t\t<section class=\"elementor-section elementor-inner-section elementor-element elementor-element-ecd0df6 elementor-section-boxed elementor-section-height-default elementor-section-height-default\" data-id=\"ecd0df6\" data-element_type=\"section\">\n\t\t\t\t\t\t<div class=\"elementor-container elementor-column-gap-default\">\n\t\t\t\t\t<div class=\"elementor-column elementor-col-50 elementor-inner-column elementor-element elementor-element-cdab7f0\" data-id=\"cdab7f0\" data-element_type=\"column\">\n\t\t\t<div class=\"elementor-widget-wrap elementor-element-populated\">\n\t\t\t\t\t\t\t\t<div class=\"elementor-element elementor-element-ef25465 elementor-widget elementor-widget-heading\" data-id=\"ef25465\" data-element_type=\"widget\" data-widget_type=\"heading.default\">\n\t\t\t\t<div class=\"elementor-widget-container\">\n\t\t\t<h4 class=\"elementor-heading-title elementor-size-default\">Mist\u00e4 voin hankkia vuorokausikalenterin?<br><br><\/h4>\t\t<\/div>\n\t\t\t\t<\/div>\n\t\t\t\t<div class=\"elementor-element elementor-element-c0d96aa elementor-widget elementor-widget-text-editor\" data-id=\"c0d96aa\" data-element_type=\"widget\" data-widget_type=\"text-editor.default\">\n\t\t\t\t<div class=\"elementor-widget-container\">\n\t\t\t\t\t\t\t<p>Tilaa vuorokausikalenteri yhteisty\u00f6kumppaniemme verkkokaupasta tai myym\u00e4l\u00e4st\u00e4.<\/p><p>Tilaa<br \/><a href=\"https:\/\/www.dementiaonlineshop.com\/epages\/dementia.sf\/fi_FI\/?ObjectPath=\/Shops\/20111021-11092-64659-1\/Products\/KEL-0004\"><span style=\"color: red;\"><strong><u> DementiaOnlineShopista<\/u><\/strong><\/span><\/a> tai <a href=\"https:\/\/www.ettonet.fi\/?post_type=product&amp;s=vuorokaudenajat\"><span style=\"color: red;\"><strong><u>Ettonetista<\/u><\/strong><\/span><\/a><\/p>\t\t\t\t\t\t<\/div>\n\t\t\t\t<\/div>\n\t\t\t\t\t<\/div>\n\t\t<\/div>\n\t\t\t\t<div class=\"elementor-column elementor-col-50 elementor-inner-column elementor-element elementor-element-3002ba1\" data-id=\"3002ba1\" data-element_type=\"column\">\n\t\t\t<div class=\"elementor-widget-wrap elementor-element-populated\">\n\t\t\t\t\t\t\t\t<div class=\"elementor-element elementor-element-98733cb elementor-widget elementor-widget-image\" data-id=\"98733cb\" data-element_type=\"widget\" data-widget_type=\"image.default\">\n\t\t\t\t<div class=\"elementor-widget-container\">\n\t\t\t\t\t\t\t\t\t\t\t\t\t\t\t<img decoding=\"async\" width=\"768\" height=\"623\" src=\"https:\/\/www.avedo.fi\/wp-content\/uploads\/2023\/05\/Kello01-768x623.jpg\" class=\"attachment-medium_large size-medium_large wp-image-1080\" alt=\"\" loading=\"lazy\" srcset=\"https:\/\/www.avedo.fi\/wp-content\/uploads\/2023\/05\/Kello01-768x623.jpg 768w, https:\/\/www.avedo.fi\/wp-content\/uploads\/2023\/05\/Kello01-300x244.jpg 300w, https:\/\/www.avedo.fi\/wp-content\/uploads\/2023\/05\/Kello01-1024x831.jpg 1024w, https:\/\/www.avedo.fi\/wp-content\/uploads\/2023\/05\/Kello01-1536x1247.jpg 1536w, https:\/\/www.avedo.fi\/wp-content\/uploads\/2023\/05\/Kello01-2048x1663.jpg 2048w\" sizes=\"(max-width: 768px) 100vw, 768px\" \/>\t\t\t\t\t\t\t\t\t\t\t\t\t\t\t<\/div>\n\t\t\t\t<\/div>\n\t\t\t\t\t<\/div>\n\t\t<\/div>\n\t\t\t\t\t\t\t<\/div>\n\t\t<\/section>\n\t\t\t\t\t<\/div>\n\t\t<\/div>\n\t\t\t\t\t\t\t<\/div>\n\t\t<\/section>\n\t\t\t\t\t\t\t<\/div>\n\t\t","protected":false},"excerpt":{"rendered":"<p>Unohtuvatko asiat? Meneek\u00f6 vuorokaudenajat ja p\u00e4iv\u00e4t sekaisin? Her\u00e4tt\u00e4\u00e4k\u00f6 mummo puhelullaan keskell\u00e4 y\u00f6t\u00e4 kysy\u00e4kseen kyyti\u00e4 lauantain bingo-iltaan? Ei h\u00e4t\u00e4\u00e4! Meill\u00e4 on ratkaisu. Uusi Vuorokausikalenteri 2.0 Ei en\u00e4\u00e4 y\u00f6llisi\u00e4 puhelinsoittoja mummolta, joka on l\u00e4hd\u00f6ss\u00e4 keskell\u00e4 y\u00f6t\u00e4 kauppaan tai kyselee mik\u00e4 p\u00e4iv\u00e4 on. Vuorokausikalenteri n\u00e4ytt\u00e4\u00e4 selke\u00e4sti vuorokauden ajan, muistuttaa tapahtumista ja aikatauluttaa p\u00e4iv\u00e4n toimia. T\u00e4m\u00e4 luo turvaa muistisairaalle,<\/p>\n","protected":false},"author":1,"featured_media":0,"parent":0,"menu_order":0,"comment_status":"closed","ping_status":"closed","template":"","meta":{"_monsterinsights_skip_tracking":false,"_monsterinsights_sitenote_active":false,"_monsterinsights_sitenote_note":"","_monsterinsights_sitenote_category":0},"_links":{"self":[{"href":"https:\/\/www.avedo.fi\/index.php?rest_route=\/wp\/v2\/pages\/319"}],"collection":[{"href":"https:\/\/www.avedo.fi\/index.php?rest_route=\/wp\/v2\/pages"}],"about":[{"href":"https:\/\/www.avedo.fi\/index.php?rest_route=\/wp\/v2\/types\/page"}],"author":[{"embeddable":true,"href":"https:\/\/www.avedo.fi\/index.php?rest_route=\/wp\/v2\/users\/1"}],"replies":[{"embeddable":true,"href":"https:\/\/www.avedo.fi\/index.php?rest_route=%2Fwp%2Fv2%2Fcomments&post=319"}],"version-history":[{"count":215,"href":"https:\/\/www.avedo.fi\/index.php?rest_route=\/wp\/v2\/pages\/319\/revisions"}],"predecessor-version":[{"id":1280,"href":"https:\/\/www.avedo.fi\/index.php?rest_route=\/wp\/v2\/pages\/319\/revisions\/1280"}],"wp:attachment":[{"href":"https:\/\/www.avedo.fi\/index.php?rest_route=%2Fwp%2Fv2%2Fmedia&parent=319"}],"curies":[{"name":"wp","href":"https:\/\/api.w.org\/{rel}","templated":true}]}}